{"id":64,"date":"2018-02-18T10:20:30","date_gmt":"2018-02-18T10:20:30","guid":{"rendered":"http:\/\/demo.zantetheme.com\/?page_id=64"},"modified":"2025-11-07T06:06:04","modified_gmt":"2025-11-07T06:06:04","slug":"home-page-2","status":"publish","type":"page","link":"https:\/\/hotelhoggar.com\/","title":{"rendered":"Home Page 2"},"content":{"rendered":"<div class=\"wpb-content-wrapper\"><p>[vc_row][vc_column][vc_column_text css=&#8221;&#8221;]\n\t\t\t<!-- START Slider 1 REVOLUTION SLIDER 6.7.35 --><p class=\"rs-p-wp-fix\"><\/p>\n\t\t\t<rs-module-wrap id=\"rev_slider_5_1_wrapper\" data-source=\"gallery\" style=\"visibility:hidden;background:transparent;padding:0;margin:0px auto;margin-top:0;margin-bottom:0;\">\n\t\t\t\t<rs-module id=\"rev_slider_5_1\" style=\"\" data-version=\"6.7.35\">\n\t\t\t\t\t<rs-slides style=\"overflow: hidden; position: absolute;\">\n\t\t\t\t\t\t<rs-slide style=\"position: absolute;\" data-key=\"rs-11\" data-title=\"Slide\" data-in=\"o:0;\" data-out=\"a:false;\">\n\t\t\t\t\t\t\t<img decoding=\"async\" src=\"\/\/hotelhoggar.com\/wp-content\/plugins\/revslider\/sr6\/assets\/assets\/dummy.png\" alt=\"Slide\" title=\"Home Page 2\" class=\"rev-slidebg tp-rs-img rs-lazyload\" data-lazyload=\"\/\/hotelhoggar.com\/wp-content\/plugins\/revslider\/sr6\/assets\/assets\/transparent.png\" data-no-retina>\n<!--\n\t\t\t\t\t\t\t--><rs-layer\n\t\t\t\t\t\t\t\tid=\"slider-5-slide-11-layer-4\" \n\t\t\t\t\t\t\t\tdata-type=\"image\"\n\t\t\t\t\t\t\t\tdata-rsp_ch=\"on\"\n\t\t\t\t\t\t\t\tdata-xy=\"x:-315px;y:-821px;\"\n\t\t\t\t\t\t\t\tdata-text=\"w:normal;\"\n\t\t\t\t\t\t\t\tdata-dim=\"w:1920px;h:2560px;\"\n\t\t\t\t\t\t\t\tdata-frame_1=\"x:-105px;y:-23px;\"\n\t\t\t\t\t\t\t\tdata-frame_999=\"o:0;st:w;\"\n\t\t\t\t\t\t\t\tstyle=\"z-index:7;\"\n\t\t\t\t\t\t\t><img decoding=\"async\" src=\"\/\/hotelhoggar.com\/wp-content\/plugins\/revslider\/sr6\/assets\/assets\/dummy.png\" alt=\"\" class=\"tp-rs-img rs-lazyload\" width=\"1920\" height=\"2560\" data-lazyload=\"\/\/hotelhoggar.com\/wp-content\/uploads\/2025\/11\/taleb-1-scaled.jpeg\" data-no-retina> \n\t\t\t\t\t\t\t<\/rs-layer><!--\n-->\t\t\t\t\t<\/rs-slide>\n\t\t\t\t\t\t<rs-slide style=\"position: absolute;\" data-key=\"rs-13\" data-title=\"Slide\" data-in=\"o:0;\" data-out=\"a:false;\">\n\t\t\t\t\t\t\t<img decoding=\"async\" src=\"\/\/hotelhoggar.com\/wp-content\/plugins\/revslider\/sr6\/assets\/assets\/dummy.png\" alt=\"Slide\" title=\"Home Page 2\" class=\"rev-slidebg tp-rs-img rs-lazyload\" data-lazyload=\"\/\/hotelhoggar.com\/wp-content\/plugins\/revslider\/sr6\/assets\/assets\/transparent.png\" data-no-retina>\n<!--\n\t\t\t\t\t\t\t--><rs-layer\n\t\t\t\t\t\t\t\tid=\"slider-5-slide-13-layer-0\" \n\t\t\t\t\t\t\t\tdata-type=\"image\"\n\t\t\t\t\t\t\t\tdata-rsp_ch=\"on\"\n\t\t\t\t\t\t\t\tdata-xy=\"x:-230px;y:-1086px;\"\n\t\t\t\t\t\t\t\tdata-text=\"w:normal;\"\n\t\t\t\t\t\t\t\tdata-dim=\"w:2016px;h:2560px;\"\n\t\t\t\t\t\t\t\tdata-frame_999=\"o:0;st:w;\"\n\t\t\t\t\t\t\t\tstyle=\"z-index:5;\"\n\t\t\t\t\t\t\t><img decoding=\"async\" src=\"\/\/hotelhoggar.com\/wp-content\/plugins\/revslider\/sr6\/assets\/assets\/dummy.png\" alt=\"\" class=\"tp-rs-img rs-lazyload\" width=\"2016\" height=\"2560\" data-lazyload=\"\/\/hotelhoggar.com\/wp-content\/uploads\/2025\/11\/IMG_0786-scaled.jpeg\" data-no-retina> \n\t\t\t\t\t\t\t<\/rs-layer><!--\n-->\t\t\t\t\t<\/rs-slide>\n\t\t\t\t\t\t<rs-slide style=\"position: absolute;\" data-key=\"rs-15\" data-title=\"Slide\" data-in=\"o:0;\" data-out=\"a:false;\">\n\t\t\t\t\t\t\t<img decoding=\"async\" src=\"\/\/hotelhoggar.com\/wp-content\/plugins\/revslider\/sr6\/assets\/assets\/dummy.png\" alt=\"Slide\" title=\"Home Page 2\" class=\"rev-slidebg tp-rs-img rs-lazyload\" data-lazyload=\"\/\/hotelhoggar.com\/wp-content\/plugins\/revslider\/sr6\/assets\/assets\/transparent.png\" data-no-retina>\n<!--\n\t\t\t\t\t\t\t--><rs-layer\n\t\t\t\t\t\t\t\tid=\"slider-5-slide-15-layer-2\" \n\t\t\t\t\t\t\t\tdata-type=\"image\"\n\t\t\t\t\t\t\t\tdata-rsp_ch=\"on\"\n\t\t\t\t\t\t\t\tdata-xy=\"x:-175px;y:-25px;\"\n\t\t\t\t\t\t\t\tdata-text=\"w:normal;\"\n\t\t\t\t\t\t\t\tdata-dim=\"w:1459px;h:914px;\"\n\t\t\t\t\t\t\t\tdata-frame_999=\"o:0;st:w;\"\n\t\t\t\t\t\t\t\tstyle=\"z-index:5;\"\n\t\t\t\t\t\t\t><img decoding=\"async\" src=\"\/\/hotelhoggar.com\/wp-content\/plugins\/revslider\/sr6\/assets\/assets\/dummy.png\" alt=\"\" class=\"tp-rs-img rs-lazyload\" width=\"1130\" height=\"708\" data-lazyload=\"\/\/hotelhoggar.com\/wp-content\/uploads\/2025\/11\/R.jpg\" data-no-retina> \n\t\t\t\t\t\t\t<\/rs-layer><!--\n-->\t\t\t\t\t<\/rs-slide>\n\t\t\t\t\t<\/rs-slides>\n\t\t\t\t<\/rs-module>\n\t\t\t\t<script>\n\t\t\t\t\tsetREVStartSize({c: 'rev_slider_5_1',rl:[1240,1024,778,480],el:[900],gw:[1240],gh:[900],type:'standard',justify:'',layout:'fullwidth',mh:\"0\"});if (window.RS_MODULES!==undefined && window.RS_MODULES.modules!==undefined && window.RS_MODULES.modules[\"revslider51\"]!==undefined) {window.RS_MODULES.modules[\"revslider51\"].once = false;window.revapi5 = undefined;if (window.RS_MODULES.checkMinimal!==undefined) window.RS_MODULES.checkMinimal()}\n\t\t\t\t<\/script>\n\t\t\t<\/rs-module-wrap>\n\t\t\t<!-- END REVOLUTION SLIDER -->\n[\/vc_column_text][\/vc_column][\/vc_row][vc_row full_width=&#8221;stretch_row&#8221; css=&#8221;.vc_custom_1531851570478{padding-top: 100px !important;padding-bottom: 70px !important;}&#8221;][vc_column]\t\t\t<div\r\n\t\t\t\tclass=\"main_title  text-center  \">\r\n\t\t\t\t<h2 class=\"title\">NOS CHAMBRES PR\u00c9F\u00c9R\u00c9ES<\/h2>\r\n\t\t\t\t\t\t\t\t\t<p class=\"main_description\">D\u00e9couvrez maintenant nos meilleures chambres<\/p>\r\n\t\t\t\t\t\t\t<\/div>\r\n\t\t\r\n        <div class=\"latest-posts-grid\">\r\n            <div class=\"row flex-row\">\r\n                                                      \r\n                    <div class=\"col-md-4 col-sm-4\">\r\n                        <article class=\"news-grid-item\">\r\n                          <figure class=\"gradient-overlay slide-right-hover\">\r\n                              <a href=\"https:\/\/hotelhoggar.com\/?p=2429\"><img decoding=\"async\" src=\"https:\/\/hotelhoggar.com\/wp-content\/uploads\/2025\/11\/IMG_0744-720x520.jpeg\" class=\"img-responsive\" alt=\"CHAMBRE SENIOR 14 000 DA\"><\/a>\r\n                          <\/figure>\r\n                          <div class=\"details\">\r\n                              <h3><a href=\"https:\/\/hotelhoggar.com\/?p=2429\">CHAMBRE SENIOR 14 000 DA<\/a><\/h3>\r\n                              <p><\/p>\r\n                              <div class=\"info\">\r\n                                  <a href=\"https:\/\/hotelhoggar.com\/?author=0\">\r\n                                    <img decoding=\"async\" class=\"author-avatar\" src=\"https:\/\/secure.gravatar.com\/avatar\/4d4c78c9742aa343830a6efe125b768c088c57ad331e75239f4f666393501855?s=13&#038;d=mm&#038;r=g\" alt=\"hotelhoggar\">hotelhoggar                                  <\/a>\r\n                                  <i class=\"las la-clock\"><\/i><a href=\"https:\/\/hotelhoggar.com\/?m=20260416\">novembre 7, 2025<\/a>\r\n                                  <i class=\"las la-comments\"><\/i><a href=\"https:\/\/hotelhoggar.com\/?p=2429\">0 Comments<\/a>\r\n                              <\/div>\r\n                          <\/div>\r\n                        <\/article>\r\n                    <\/div>\r\n\r\n                                                                      \r\n                    <div class=\"col-md-4 col-sm-4\">\r\n                        <article class=\"news-grid-item\">\r\n                          <figure class=\"gradient-overlay slide-right-hover\">\r\n                              <a href=\"https:\/\/hotelhoggar.com\/?p=2409\"><img decoding=\"async\" src=\"https:\/\/hotelhoggar.com\/wp-content\/uploads\/2025\/11\/IMG_0706-720x520.jpeg\" class=\"img-responsive\" alt=\"HOTEL HOGGAR\"><\/a>\r\n                          <\/figure>\r\n                          <div class=\"details\">\r\n                              <h3><a href=\"https:\/\/hotelhoggar.com\/?p=2409\">HOTEL HOGGAR<\/a><\/h3>\r\n                              <p><\/p>\r\n                              <div class=\"info\">\r\n                                  <a href=\"https:\/\/hotelhoggar.com\/?author=0\">\r\n                                    <img decoding=\"async\" class=\"author-avatar\" src=\"https:\/\/secure.gravatar.com\/avatar\/4d4c78c9742aa343830a6efe125b768c088c57ad331e75239f4f666393501855?s=13&#038;d=mm&#038;r=g\" alt=\"hotelhoggar\">hotelhoggar                                  <\/a>\r\n                                  <i class=\"las la-clock\"><\/i><a href=\"https:\/\/hotelhoggar.com\/?m=20260416\">novembre 4, 2025<\/a>\r\n                                  <i class=\"las la-comments\"><\/i><a href=\"https:\/\/hotelhoggar.com\/?p=2409\">0 Comments<\/a>\r\n                              <\/div>\r\n                          <\/div>\r\n                        <\/article>\r\n                    <\/div>\r\n\r\n                                                                      \r\n                    <div class=\"col-md-4 col-sm-4\">\r\n                        <article class=\"news-grid-item\">\r\n                          <figure class=\"gradient-overlay slide-right-hover\">\r\n                              <a href=\"https:\/\/hotelhoggar.com\/?p=2401\"><img decoding=\"async\" src=\"https:\/\/hotelhoggar.com\/wp-content\/uploads\/2025\/11\/IMG_0577-720x520.jpeg\" class=\"img-responsive\" alt=\"CHAMBRE TRIPLE 10 000 DA\"><\/a>\r\n                          <\/figure>\r\n                          <div class=\"details\">\r\n                              <h3><a href=\"https:\/\/hotelhoggar.com\/?p=2401\">CHAMBRE TRIPLE 10 000 DA<\/a><\/h3>\r\n                              <p><\/p>\r\n                              <div class=\"info\">\r\n                                  <a href=\"https:\/\/hotelhoggar.com\/?author=0\">\r\n                                    <img decoding=\"async\" class=\"author-avatar\" src=\"https:\/\/secure.gravatar.com\/avatar\/4d4c78c9742aa343830a6efe125b768c088c57ad331e75239f4f666393501855?s=13&#038;d=mm&#038;r=g\" alt=\"hotelhoggar\">hotelhoggar                                  <\/a>\r\n                                  <i class=\"las la-clock\"><\/i><a href=\"https:\/\/hotelhoggar.com\/?m=20260416\">novembre 3, 2025<\/a>\r\n                                  <i class=\"las la-comments\"><\/i><a href=\"https:\/\/hotelhoggar.com\/?p=2401\">0 Comments<\/a>\r\n                              <\/div>\r\n                          <\/div>\r\n                        <\/article>\r\n                    <\/div>\r\n\r\n                                                            <\/div>\r\n\r\n          <\/div>\r\n\r\n        [\/vc_column][\/vc_row][vc_row full_width=&#8221;stretch_row&#8221; css=&#8221;.vc_custom_1531729276201{padding-bottom: 80px !important;}&#8221;][vc_column width=&#8221;1\/2&#8243;]\t\t\t<div\r\n\t\t\t\tclass=\"main_title  text-left  \">\r\n\t\t\t\t<h2 class=\"title\">Qui sommes nous?<\/h2>\r\n\t\t\t\t\t\t\t\t\t<p class=\"main_description\">La qualit\u00e9 de nos services fait la diff\u00e9rence !<\/p>\r\n\t\t\t\t\t\t\t<\/div>\r\n\t\t[vc_column_text]<span style=\"color: #000000;\">Profitez de l&#8217;ensemble des activit\u00e9s de loisirs dans cet h\u00f4tel au c\u0153ur de centre-ville d&#8217;Annaba.<\/span><\/p>\n<p><span style=\"color: #000000;\">On vous propose une d\u00e9coration \u00e9l\u00e9gante incluant une fa\u00e7ade recouverte des meubles de style contemporain dans toutes les pi\u00e8ces de l\u2019h\u00f4tel. <\/span><\/p>\n<p><span style=\"color: #000000;\">Nos chambres et suites vous proposent des \u00e9quipements modernes pour que vous sentiez comme \u00e0 la maison.<\/span>[\/vc_column_text][\/vc_column][vc_column width=&#8221;1\/2&#8243;]\r\n        <div class=\"image-3d-effect\">\r\n          <div class=\"side left\"><\/div>\r\n          <div class=\"side right\"><\/div>\r\n          <div class=\"images\">\r\n                        <div class=\"front-image\" style=\"background-image: url(https:\/\/hotelhoggar.com\/wp-content\/uploads\/2024\/09\/13.jpg)\"><\/div>\r\n                                    <div class=\"back-image\" style=\"background-image: url(https:\/\/hotelhoggar.com\/wp-content\/uploads\/2023\/11\/39.jpg)\"><\/div>\r\n                      <\/div>\r\n        <\/div>\r\n\r\n\r\n\r\n        [\/vc_column][\/vc_row][vc_row full_width=&#8221;stretch_row_content_no_spaces&#8221; css=&#8221;.vc_custom_1531851045585{border-top-width: 1px !important;border-bottom-width: 1px !important;padding-top: 100px !important;padding-bottom: 100px !important;background-color: #f5f3f0 !important;border-top-color: #f0f0f0 !important;border-top-style: solid !important;border-bottom-color: #f0f0f0 !important;border-bottom-style: solid !important;}&#8221; el_class=&#8221;wave-background&#8221;][vc_column][vc_row_inner][vc_column_inner width=&#8221;1\/6&#8243; offset=&#8221;vc_hidden-md vc_hidden-sm vc_hidden-xs&#8221;][\/vc_column_inner][vc_column_inner offset=&#8221;vc_col-lg-8 vc_col-md-8 vc_col-xs-12&#8243;]\t\t\t<div\r\n\t\t\t\tclass=\"main_title  text-center  \">\r\n\t\t\t\t<h2 class=\"title\">Galerie de photos<\/h2>\r\n\t\t\t\t\t\t\t\t\t<p class=\"main_description\">Du h\u00f4tel Hoggar<\/p>\r\n\t\t\t\t\t\t\t<\/div>\r\n\t\t[\/vc_column_inner][vc_column_inner width=&#8221;1\/6&#8243; offset=&#8221;vc_hidden-md vc_hidden-sm vc_hidden-xs&#8221;][\/vc_column_inner][\/vc_row_inner][vc_row_inner][vc_column_inner]\r\n\t\t\t\t\r\n        <script>\r\n          jQuery(document).ready(function ($) {\r\n            function gallery_carousel() {\r\n              $('#gallery-carousel-WUtM5').owlCarousel({\r\n                rtl: false,\r\n                loop: false,\r\n                margin: 0,\r\n                nav: false,\r\n                autoplay: true,\r\n                responsive:{\r\n                   0:{\r\n                       items: 1\r\n                   },\r\n                   600:{\r\n                       items: 3\r\n                   },\r\n                   1200:{\r\n                       items:6                   }\r\n                 }\r\n              });\r\n          }\r\n          setTimeout(gallery_carousel, 1)\r\n          });\r\n        <\/script>\r\n\r\n\r\n\t\t\t\t<div id=\"gallery-carousel-WUtM5\" class=\"gallery-slider image-gallery owl-carousel\">\r\n\t\t\t\t\t\t\t\t\t\t\t\t\t\t<!-- TESTIMONIAL SLIDE ITEM -->\r\n\t\t\t\t\t\t\t\t<div class=\"item\">\r\n                  <figure class=\"gradient-overlay-hover icon-zoom-hover zoom-image-hover\">\r\n\t\t\t\t\t\t\t\t\t\t<a href=\"https:\/\/hotelhoggar.com\/wp-content\/uploads\/2018\/01\/11.jpg\">\r\n\t\t\t\t\t\t\t\t\t\t\t\t<img decoding=\"async\" src=\"https:\/\/hotelhoggar.com\/wp-content\/uploads\/2018\/01\/11-480x480.jpg\" alt=\"La r\u00e9ception\">\r\n\t\t\t\t\t\t\t\t\t\t<\/a>\r\n                  <\/figure>\r\n                                          <div class=\"gallery_item_info\">\r\n  \t\t\t\t\t\t\t\t\t\t\t\t<h4>La r\u00e9ception<\/h4>\r\n  \t\t\t\t\t\t\t\t\t\t<\/div>\r\n                  \t\t\t\t\t\t\t\t<\/div>\r\n\r\n\t\t\t\t\t\t\t\t\t\t\t\t\t\t<!-- TESTIMONIAL SLIDE ITEM -->\r\n\t\t\t\t\t\t\t\t<div class=\"item\">\r\n                  <figure class=\"gradient-overlay-hover icon-zoom-hover zoom-image-hover\">\r\n\t\t\t\t\t\t\t\t\t\t<a href=\"https:\/\/hotelhoggar.com\/wp-content\/uploads\/2018\/02\/c06cefce-4eb7-4cb3-aef3-3fecd9fd410a.jpeg\">\r\n\t\t\t\t\t\t\t\t\t\t\t\t<img decoding=\"async\" src=\"https:\/\/hotelhoggar.com\/wp-content\/uploads\/2018\/02\/c06cefce-4eb7-4cb3-aef3-3fecd9fd410a-480x480.jpeg\" alt=\"Petit d\u00e9jeuner\">\r\n\t\t\t\t\t\t\t\t\t\t<\/a>\r\n                  <\/figure>\r\n                                          <div class=\"gallery_item_info\">\r\n  \t\t\t\t\t\t\t\t\t\t\t\t<h4>Petit d\u00e9jeuner<\/h4>\r\n  \t\t\t\t\t\t\t\t\t\t<\/div>\r\n                  \t\t\t\t\t\t\t\t<\/div>\r\n\r\n\t\t\t\t\t\t\t\t\t\t\t\t\t\t<!-- TESTIMONIAL SLIDE ITEM -->\r\n\t\t\t\t\t\t\t\t<div class=\"item\">\r\n                  <figure class=\"gradient-overlay-hover icon-zoom-hover zoom-image-hover\">\r\n\t\t\t\t\t\t\t\t\t\t<a href=\"https:\/\/hotelhoggar.com\/wp-content\/uploads\/2018\/02\/IMG_0045-scaled.jpeg\">\r\n\t\t\t\t\t\t\t\t\t\t\t\t<img decoding=\"async\" src=\"https:\/\/hotelhoggar.com\/wp-content\/uploads\/2018\/02\/IMG_0045-480x480.jpeg\" alt=\"Le douche de la Chambre\">\r\n\t\t\t\t\t\t\t\t\t\t<\/a>\r\n                  <\/figure>\r\n                                          <div class=\"gallery_item_info\">\r\n  \t\t\t\t\t\t\t\t\t\t\t\t<h4>Le douche de la Chambre<\/h4>\r\n  \t\t\t\t\t\t\t\t\t\t<\/div>\r\n                  \t\t\t\t\t\t\t\t<\/div>\r\n\r\n\t\t\t\t\t\t\t\t\t\t\t\t\t\t<!-- TESTIMONIAL SLIDE ITEM -->\r\n\t\t\t\t\t\t\t\t<div class=\"item\">\r\n                  <figure class=\"gradient-overlay-hover icon-zoom-hover zoom-image-hover\">\r\n\t\t\t\t\t\t\t\t\t\t<a href=\"https:\/\/hotelhoggar.com\/wp-content\/uploads\/2018\/07\/IMG_0679-scaled.jpeg\">\r\n\t\t\t\t\t\t\t\t\t\t\t\t<img decoding=\"async\" src=\"https:\/\/hotelhoggar.com\/wp-content\/uploads\/2018\/07\/IMG_0679-480x480.jpeg\" alt=\"Chambre Double GL\">\r\n\t\t\t\t\t\t\t\t\t\t<\/a>\r\n                  <\/figure>\r\n                                          <div class=\"gallery_item_info\">\r\n  \t\t\t\t\t\t\t\t\t\t\t\t<h4>Chambre Double GL<\/h4>\r\n  \t\t\t\t\t\t\t\t\t\t<\/div>\r\n                  \t\t\t\t\t\t\t\t<\/div>\r\n\r\n\t\t\t\t\t\t\t\t\t\t\t\t\t\t<!-- TESTIMONIAL SLIDE ITEM -->\r\n\t\t\t\t\t\t\t\t<div class=\"item\">\r\n                  <figure class=\"gradient-overlay-hover icon-zoom-hover zoom-image-hover\">\r\n\t\t\t\t\t\t\t\t\t\t<a href=\"https:\/\/hotelhoggar.com\/wp-content\/uploads\/2025\/11\/FullSizeRender-scaled.jpeg\">\r\n\t\t\t\t\t\t\t\t\t\t\t\t<img decoding=\"async\" src=\"https:\/\/hotelhoggar.com\/wp-content\/uploads\/2025\/11\/FullSizeRender-480x480.jpeg\" alt=\"La r\u00e9ception 2\">\r\n\t\t\t\t\t\t\t\t\t\t<\/a>\r\n                  <\/figure>\r\n                                          <div class=\"gallery_item_info\">\r\n  \t\t\t\t\t\t\t\t\t\t\t\t<h4>La r\u00e9ception 2<\/h4>\r\n  \t\t\t\t\t\t\t\t\t\t<\/div>\r\n                  \t\t\t\t\t\t\t\t<\/div>\r\n\r\n\t\t\t\t\t\t\t\t\t\t\t\t\t\t<!-- TESTIMONIAL SLIDE ITEM -->\r\n\t\t\t\t\t\t\t\t<div class=\"item\">\r\n                  <figure class=\"gradient-overlay-hover icon-zoom-hover zoom-image-hover\">\r\n\t\t\t\t\t\t\t\t\t\t<a href=\"https:\/\/hotelhoggar.com\/wp-content\/uploads\/2025\/11\/pic.jpg\">\r\n\t\t\t\t\t\t\t\t\t\t\t\t<img decoding=\"async\" src=\"https:\/\/hotelhoggar.com\/wp-content\/uploads\/2025\/11\/pic-480x480.jpg\" alt=\"Grande chambre\">\r\n\t\t\t\t\t\t\t\t\t\t<\/a>\r\n                  <\/figure>\r\n                                          <div class=\"gallery_item_info\">\r\n  \t\t\t\t\t\t\t\t\t\t\t\t<h4>Grande chambre<\/h4>\r\n  \t\t\t\t\t\t\t\t\t\t<\/div>\r\n                  \t\t\t\t\t\t\t\t<\/div>\r\n\r\n\t\t\t\t\t\t\t\t\t\t\t\t\t\t\t\t<\/div>\r\n\r\n        [\/vc_column_inner][\/vc_row_inner][\/vc_column][\/vc_row][vc_row full_width=&#8221;stretch_row&#8221; css=&#8221;.vc_custom_1531850904392{padding-top: 100px !important;padding-bottom: 70px !important;}&#8221;][vc_column]\r\n        <div class=\"row flex-row\">\r\n            \t\t\t\t\t\t\t\t<!-- TESTIMONIAL GRID ITEM -->\r\n                <div class=\"col-lg-4 col-sm-6 \">\r\n                    <div class=\"testimonial-item\">\r\n\t\t                  <div class=\"review\">\r\n\t\t                        <h3>Bel endroit<\/h3>\r\n                                <div class=\"rating\">\r\n                                    <i class=\"fa fa-star\" aria-hidden=\"true\"><\/i><i class=\"fa fa-star\" aria-hidden=\"true\"><\/i><i class=\"fa fa-star\" aria-hidden=\"true\"><\/i><i class=\"fa fa-star\" aria-hidden=\"true\"><\/i><i class=\"fa fa-star\" aria-hidden=\"true\"><\/i>                                <\/div>\r\n\t\t                        <p>Emplacement fantastique au c\u0153ur de centre-ville d\u2019Annaba.\r\nLe personnel \u00e9tait serviable et comp\u00e9tent et tout est facilement accessible \u00e0 pied.<\/p>\r\n\t\t                    <\/div>\r\n\t\t                    <div class=\"author\">\r\n                                \t\t                        <div class=\"author-info\">\r\n\t\t                            <h5>Amina<\/h5>\r\n\t\t                            <span class=\"author-loacation\">Oran,<\/span>\r\n\t\t                        <\/div>\r\n\t\t                    <\/div>\r\n\t\t              <\/div>\r\n                <\/div>\r\n\r\n            \t\t\t\t\t\t\t\t<!-- TESTIMONIAL GRID ITEM -->\r\n                <div class=\"col-lg-4 col-sm-6 \">\r\n                    <div class=\"testimonial-item\">\r\n\t\t                  <div class=\"review\">\r\n\t\t                        <h3>Parfaite<\/h3>\r\n                                <div class=\"rating\">\r\n                                    <i class=\"fa fa-star\" aria-hidden=\"true\"><\/i><i class=\"fa fa-star\" aria-hidden=\"true\"><\/i><i class=\"fa fa-star\" aria-hidden=\"true\"><\/i><i class=\"fa fa-star\" aria-hidden=\"true\"><\/i><i class=\"fa fa-star-o\" aria-hidden=\"true\"><\/i>                                <\/div>\r\n\t\t                        <p>Le propri\u00e9taire et le personnel \u00e9taient extr\u00eamement serviables et gentils et ont pris le temps de s&#039;assurer que nous avions des informations suppl\u00e9mentaires sur les choses \u00e0 faire dans la r\u00e9gion et les endroits \u00e0 visiter.<\/p>\r\n\t\t                    <\/div>\r\n\t\t                    <div class=\"author\">\r\n                                \t\t                        <div class=\"author-info\">\r\n\t\t                            <h5>Samir<\/h5>\r\n\t\t                            <span class=\"author-loacation\">Mostaganem,<\/span>\r\n\t\t                        <\/div>\r\n\t\t                    <\/div>\r\n\t\t              <\/div>\r\n                <\/div>\r\n\r\n            \t\t\t\t\t\t\t\t<!-- TESTIMONIAL GRID ITEM -->\r\n                <div class=\"col-lg-4 col-sm-6 \">\r\n                    <div class=\"testimonial-item\">\r\n\t\t                  <div class=\"review\">\r\n\t\t                        <h3>Bon choix<\/h3>\r\n                                <div class=\"rating\">\r\n                                    <i class=\"fa fa-star\" aria-hidden=\"true\"><\/i><i class=\"fa fa-star\" aria-hidden=\"true\"><\/i><i class=\"fa fa-star\" aria-hidden=\"true\"><\/i><i class=\"fa fa-star\" aria-hidden=\"true\"><\/i><i class=\"fa fa-star\" aria-hidden=\"true\"><\/i>                                <\/div>\r\n\t\t                        <p>Environnement extr\u00eamement agr\u00e9able, la chambre \u00e9tait super, le service \u00e9tait g\u00e9nial, vraiment serviable et un excellent service. Je leur rendrai visite \u00e0 nouveau dans un avenir proche.<\/p>\r\n\t\t                    <\/div>\r\n\t\t                    <div class=\"author\">\r\n                                \t\t                        <div class=\"author-info\">\r\n\t\t                            <h5>Ibtisem<\/h5>\r\n\t\t                            <span class=\"author-loacation\">Alger,<\/span>\r\n\t\t                        <\/div>\r\n\t\t                    <\/div>\r\n\t\t              <\/div>\r\n                <\/div>\r\n\r\n                                <\/div>\r\n\r\n        \t\t\t<div\r\n\t\t\t\tclass=\"main_title  text-center  \">\r\n\t\t\t\t<h2 class=\"title\">NOS CLIENTS NOUS AIMENT<\/h2>\r\n\t\t\t\t\t\t\t\t\t<p class=\"main_description\">Ce que nos invit\u00e9s disent de nous<\/p>\r\n\t\t\t\t\t\t\t<\/div>\r\n\t\t[\/vc_column][\/vc_row][vc_row full_width=&#8221;stretch_row&#8221; css=&#8221;.vc_custom_1571820910734{padding-top: 100px !important;padding-bottom: 100px !important;background-image: url(http:\/\/demo.zantetheme.com\/wp-content\/uploads\/2018\/06\/newsletter-bg.jpg?id=1117) !important;background-position: center !important;background-repeat: no-repeat !important;background-size: cover !important;}&#8221; el_class=&#8221;color-overlay overlay-opacity-06&#8243;][vc_column]\t\t\t<div\r\n\t\t\t\tclass=\"main_title  text-center mt_white \">\r\n\t\t\t\t<h2 class=\"title\">A tu une question ?<\/h2>\r\n\t\t\t\t\t\t\t\t\t<p class=\"main_description\">Vous pouvez nous contacter<\/p>\r\n\t\t\t\t\t\t\t<\/div>\r\n\t\t[vc_btn title=&#8221;MAINTENON&#8221; align=&#8221;center&#8221; link=&#8221;url:https%3A%2F%2Fhotelhoggar.com%2Fcontact-us%2F|title:Maintenon&#8221;][\/vc_column][\/vc_row][vc_row][vc_column][\/vc_column][\/vc_row]<\/p>\n<\/div>","protected":false},"excerpt":{"rendered":"<p>[vc_row][vc_column][vc_column_text css=&#8221;&#8221;][\/vc_column_text][\/vc_column][\/vc_row][vc_row full_width=&#8221;stretch_row&#8221; css=&#8221;.vc_custom_1531851570478{padding-top: 100px !important;padding-bottom: 70px !important;}&#8221;][vc_column][\/vc_column][\/vc_row][vc_row full_width=&#8221;stretch_row&#8221; css=&#8221;.vc_custom_1531729276201{padding-bottom: 80px !important;}&#8221;][vc_column width=&#8221;1\/2&#8243;][vc_column_text]Profitez de l&#8217;ensemble des activit\u00e9s de loisirs dans cet h\u00f4tel au c\u0153ur de centre-ville d&#8217;Annaba. On vous propose une d\u00e9coration \u00e9l\u00e9gante incluant une fa\u00e7ade recouverte des meubles de style contemporain dans toutes les pi\u00e8ces de l\u2019h\u00f4tel. Nos chambres et suites vous proposent des [&hellip;]<\/p>\n","protected":false},"author":1,"featured_media":0,"parent":0,"menu_order":0,"comment_status":"closed","ping_status":"closed","template":"","meta":{"footnotes":""},"class_list":["post-64","page","type-page","status-publish","hentry"],"_links":{"self":[{"href":"https:\/\/hotelhoggar.com\/index.php?rest_route=\/wp\/v2\/pages\/64","targetHints":{"allow":["GET"]}}],"collection":[{"href":"https:\/\/hotelhoggar.com\/index.php?rest_route=\/wp\/v2\/pages"}],"about":[{"href":"https:\/\/hotelhoggar.com\/index.php?rest_route=\/wp\/v2\/types\/page"}],"author":[{"embeddable":true,"href":"https:\/\/hotelhoggar.com\/index.php?rest_route=\/wp\/v2\/users\/1"}],"replies":[{"embeddable":true,"href":"https:\/\/hotelhoggar.com\/index.php?rest_route=%2Fwp%2Fv2%2Fcomments&post=64"}],"version-history":[{"count":33,"href":"https:\/\/hotelhoggar.com\/index.php?rest_route=\/wp\/v2\/pages\/64\/revisions"}],"predecessor-version":[{"id":2420,"href":"https:\/\/hotelhoggar.com\/index.php?rest_route=\/wp\/v2\/pages\/64\/revisions\/2420"}],"wp:attachment":[{"href":"https:\/\/hotelhoggar.com\/index.php?rest_route=%2Fwp%2Fv2%2Fmedia&parent=64"}],"curies":[{"name":"wp","href":"https:\/\/api.w.org\/{rel}","templated":true}]}}