{"id":25,"date":"2018-02-17T13:08:13","date_gmt":"2018-02-17T13:08:13","guid":{"rendered":"http:\/\/demo.zantetheme.com\/?page_id=25"},"modified":"2023-11-08T16:11:30","modified_gmt":"2023-11-08T16:11:30","slug":"about-us","status":"publish","type":"page","link":"https:\/\/hotelhoggar.com\/?page_id=25","title":{"rendered":"A propos de nous"},"content":{"rendered":"<div class=\"wpb-content-wrapper\"><p>[vc_row full_width=&#8221;stretch_row&#8221; css=&#8221;.vc_custom_1531729276201{padding-bottom: 80px !important;}&#8221;][vc_column width=&#8221;1\/2&#8243;]\t\t\t<div\r\n\t\t\t\tclass=\"main_title  text-left  \">\r\n\t\t\t\t<h2 class=\"title\">Qui sommes nous?<\/h2>\r\n\t\t\t\t\t\t\t\t\t<p class=\"main_description\">La qualit\u00e9 de nos services fait la diff\u00e9rence !<\/p>\r\n\t\t\t\t\t\t\t<\/div>\r\n\t\t[vc_column_text]<span style=\"color: #000000;\">Profitez de l&#8217;ensemble des activit\u00e9s de loisirs dans cet h\u00f4tel au c\u0153ur de centre-ville d&#8217;Annaba.<\/span><\/p>\n<p><span style=\"color: #000000;\">On vous propose une d\u00e9coration \u00e9l\u00e9gante incluant une fa\u00e7ade recouverte des meubles de style contemporain dans toutes les pi\u00e8ces de l\u2019h\u00f4tel. <\/span><\/p>\n<p><span style=\"color: #000000;\">Nos chambres et suites vous proposent des \u00e9quipements modernes pour que vous sentiez comme \u00e0 la maison.<\/span>[\/vc_column_text][\/vc_column][vc_column width=&#8221;1\/2&#8243;]\r\n        <div class=\"image-3d-effect\">\r\n          <div class=\"side left\"><\/div>\r\n          <div class=\"side right\"><\/div>\r\n          <div class=\"images\">\r\n                        <div class=\"front-image\" style=\"background-image: url(https:\/\/hotelhoggar.com\/wp-content\/uploads\/2018\/07\/8.jpg)\"><\/div>\r\n                                    <div class=\"back-image\" style=\"background-image: url(https:\/\/hotelhoggar.com\/wp-content\/uploads\/2018\/07\/15-big-scaled.jpg)\"><\/div>\r\n                      <\/div>\r\n        <\/div>\r\n\r\n\r\n\r\n        [\/vc_column][\/vc_row][vc_row][vc_column][vc_row_inner][vc_column_inner width=&#8221;1\/4&#8243;]\r\n          <div class=\"countup-item\">\r\n            <img decoding=\"async\" draggable=\"false\" src=\"https:\/\/hotelhoggar.com\/wp-content\/uploads\/2018\/07\/restaurant-1.png\">\r\n            <span class=\"number\" data-count=\"30\">30<\/span>\r\n            <div class=\"text\">Chambres<\/div>\r\n          <\/div>\r\n\r\n\r\n        [\/vc_column_inner][vc_column_inner width=&#8221;1\/4&#8243;]\r\n          <div class=\"countup-item\">\r\n            <img decoding=\"async\" draggable=\"false\" src=\"https:\/\/hotelhoggar.com\/wp-content\/uploads\/2018\/07\/rooms-1.png\">\r\n            <span class=\"number\" data-count=\"1\">1<\/span>\r\n            <div class=\"text\">RESTAURANTS<\/div>\r\n          <\/div>\r\n\r\n\r\n        [\/vc_column_inner][vc_column_inner width=&#8221;1\/4&#8243;]\r\n          <div class=\"countup-item\">\r\n            <img decoding=\"async\" draggable=\"false\" src=\"https:\/\/hotelhoggar.com\/wp-content\/uploads\/2018\/07\/staff-1.png\">\r\n            <span class=\"number\" data-count=\"11\">11<\/span>\r\n            <div class=\"text\">STAFFS<\/div>\r\n          <\/div>\r\n\r\n\r\n        [\/vc_column_inner][vc_column_inner width=&#8221;1\/4&#8243;]\r\n          <div class=\"countup-item\">\r\n            <img decoding=\"async\" draggable=\"false\" src=\"https:\/\/hotelhoggar.com\/wp-content\/uploads\/2018\/07\/swimming-pool-2.png\">\r\n            <span class=\"number\" data-count=\"1\">1<\/span>\r\n            <div class=\"text\">Sale petit d\u00e9jeuner<\/div>\r\n          <\/div>\r\n\r\n\r\n        [\/vc_column_inner][\/vc_row_inner][\/vc_column][\/vc_row]<\/p>\n<\/div>","protected":false},"excerpt":{"rendered":"<p>[vc_row full_width=&#8221;stretch_row&#8221; css=&#8221;.vc_custom_1531729276201{padding-bottom: 80px !important;}&#8221;][vc_column width=&#8221;1\/2&#8243;][vc_column_text]Profitez de l&#8217;ensemble des activit\u00e9s de loisirs dans cet h\u00f4tel au c\u0153ur de centre-ville d&#8217;Annaba. On vous propose une d\u00e9coration \u00e9l\u00e9gante incluant une fa\u00e7ade recouverte des meubles de style contemporain dans toutes les pi\u00e8ces de l\u2019h\u00f4tel. Nos chambres et suites vous proposent des \u00e9quipements modernes pour que vous sentiez comme [&hellip;]<\/p>\n","protected":false},"author":1,"featured_media":0,"parent":0,"menu_order":0,"comment_status":"closed","ping_status":"closed","template":"","meta":{"footnotes":""},"class_list":["post-25","page","type-page","status-publish","hentry"],"_links":{"self":[{"href":"https:\/\/hotelhoggar.com\/index.php?rest_route=\/wp\/v2\/pages\/25","targetHints":{"allow":["GET"]}}],"collection":[{"href":"https:\/\/hotelhoggar.com\/index.php?rest_route=\/wp\/v2\/pages"}],"about":[{"href":"https:\/\/hotelhoggar.com\/index.php?rest_route=\/wp\/v2\/types\/page"}],"author":[{"embeddable":true,"href":"https:\/\/hotelhoggar.com\/index.php?rest_route=\/wp\/v2\/users\/1"}],"replies":[{"embeddable":true,"href":"https:\/\/hotelhoggar.com\/index.php?rest_route=%2Fwp%2Fv2%2Fcomments&post=25"}],"version-history":[{"count":10,"href":"https:\/\/hotelhoggar.com\/index.php?rest_route=\/wp\/v2\/pages\/25\/revisions"}],"predecessor-version":[{"id":2287,"href":"https:\/\/hotelhoggar.com\/index.php?rest_route=\/wp\/v2\/pages\/25\/revisions\/2287"}],"wp:attachment":[{"href":"https:\/\/hotelhoggar.com\/index.php?rest_route=%2Fwp%2Fv2%2Fmedia&parent=25"}],"curies":[{"name":"wp","href":"https:\/\/api.w.org\/{rel}","templated":true}]}}